{"id":93,"date":"2023-03-16T11:14:31","date_gmt":"2023-03-16T10:14:31","guid":{"rendered":"https:\/\/wordpress.vecurosoft.com\/wellnez\/?page_id=93"},"modified":"2024-07-12T08:44:21","modified_gmt":"2024-07-12T08:44:21","slug":"about","status":"publish","type":"page","link":"https:\/\/samsam-beauty.de\/?page_id=93","title":{"rendered":"\u00dcber uns"},"content":{"rendered":"\t\t<div data-elementor-type=\"wp-page\" data-elementor-id=\"93\" class=\"elementor elementor-93\" data-elementor-post-type=\"page\">\n\t\t\t\t\t\t<section class=\"elementor-section elementor-top-section elementor-element elementor-element-7c66d4f elementor-section-full_width elementor-section-stretched elementor-section-height-default elementor-section-height-default\" data-id=\"7c66d4f\" data-element_type=\"section\" data-e-type=\"section\" data-settings=\"{&quot;stretch_section&quot;:&quot;section-stretched&quot;}\">\n\t\t\t\t\t\t<div class=\"elementor-container elementor-column-gap-no\">\n\t\t\t\t\t<div class=\"elementor-column elementor-col-100 elementor-top-column elementor-element elementor-element-2b82df9\" data-id=\"2b82df9\" data-element_type=\"column\" data-e-type=\"column\">\n\t\t\t<div class=\"elementor-widget-wrap elementor-element-populated\">\n\t\t\t\t\t\t<section class=\"elementor-section elementor-inner-section elementor-element elementor-element-41a5b9d elementor-section-boxed elementor-section-height-default elementor-section-height-default\" data-id=\"41a5b9d\" data-element_type=\"section\" data-e-type=\"section\">\n\t\t\t\t\t\t<div class=\"elementor-container elementor-column-gap-no\">\n\t\t\t\t\t<div class=\"elementor-column elementor-col-50 elementor-inner-column elementor-element elementor-element-a42710e\" data-id=\"a42710e\" data-element_type=\"column\" data-e-type=\"column\">\n\t\t\t<div class=\"elementor-widget-wrap\">\n\t\t\t\t\t\t\t<\/div>\n\t\t<\/div>\n\t\t\t\t<div class=\"elementor-column elementor-col-50 elementor-inner-column elementor-element elementor-element-4dcd82e\" data-id=\"4dcd82e\" data-element_type=\"column\" data-e-type=\"column\">\n\t\t\t<div class=\"elementor-widget-wrap elementor-element-populated\">\n\t\t\t\t\t\t<div class=\"elementor-element elementor-element-abbd2ed elementor-widget__width-auto elementor-widget elementor-widget-wellnezbutton\" data-id=\"abbd2ed\" data-element_type=\"widget\" data-e-type=\"widget\" data-widget_type=\"wellnezbutton.default\">\n\t\t\t\t<div class=\"elementor-widget-container\">\n\t\t\t\t\t<!-- Button --><div class=\"circle-btn style2 btn-wrapper d-inline-flex\"><a href=\"https:\/\/wordpress.vecurosoft.com\/wellnez\/service\/\" class=\"btn-icon\"><i class=\"far fa-arrow-right\"><\/i><\/a><div class=\"btn-text\"><svg viewBox=\"0 0 150 150\"><path id=\"textPathButton\" d=\"M 0,75 a 75,75 0 1,1 0,1 z\"><\/path><text><textPath href=\"#textPathButton\">to check our wellnez top rated services<\/textPath><\/text><\/svg><\/div><\/div>\t\t\t\t<\/div>\n\t\t\t\t<\/div>\n\t\t\t\t\t<\/div>\n\t\t<\/div>\n\t\t\t\t\t<\/div>\n\t\t<\/section>\n\t\t\t\t<section class=\"elementor-section elementor-inner-section elementor-element elementor-element-0d3503a elementor-section-boxed elementor-section-height-default elementor-section-height-default\" data-id=\"0d3503a\" data-element_type=\"section\" data-e-type=\"section\">\n\t\t\t\t\t\t<div class=\"elementor-container elementor-column-gap-no\">\n\t\t\t\t\t<div class=\"elementor-column elementor-col-100 elementor-inner-column elementor-element elementor-element-916ec5b\" data-id=\"916ec5b\" data-element_type=\"column\" data-e-type=\"column\">\n\t\t\t<div class=\"elementor-widget-wrap elementor-element-populated\">\n\t\t\t\t\t\t<div class=\"elementor-element elementor-element-2686f3a elementor-widget elementor-widget-image-carousel\" data-id=\"2686f3a\" data-element_type=\"widget\" data-e-type=\"widget\" data-settings=\"{&quot;slides_to_show&quot;:&quot;1&quot;,&quot;navigation&quot;:&quot;none&quot;,&quot;effect&quot;:&quot;fade&quot;,&quot;autoplay&quot;:&quot;yes&quot;,&quot;pause_on_hover&quot;:&quot;yes&quot;,&quot;pause_on_interaction&quot;:&quot;yes&quot;,&quot;autoplay_speed&quot;:5000,&quot;infinite&quot;:&quot;yes&quot;,&quot;speed&quot;:500}\" data-widget_type=\"image-carousel.default\">\n\t\t\t\t<div class=\"elementor-widget-container\">\n\t\t\t\t\t\t\t<div class=\"elementor-image-carousel-wrapper swiper\" role=\"region\" aria-roledescription=\"carousel\" aria-label=\"Bild Karussell\" dir=\"ltr\">\n\t\t\t<div class=\"elementor-image-carousel swiper-wrapper swiper-image-stretch\" aria-live=\"off\">\n\t\t\t\t\t\t\t\t<div class=\"swiper-slide\" role=\"group\" aria-roledescription=\"slide\" aria-label=\"1 von 2\"><figure class=\"swiper-slide-inner\"><img decoding=\"async\" class=\"swiper-slide-image\" src=\"https:\/\/samsam-beauty.de\/wp-content\/uploads\/2023\/03\/ab-4-1.jpg\" alt=\"ab-4-1\" \/><\/figure><\/div><div class=\"swiper-slide\" role=\"group\" aria-roledescription=\"slide\" aria-label=\"2 von 2\"><figure class=\"swiper-slide-inner\"><img decoding=\"async\" class=\"swiper-slide-image\" src=\"https:\/\/samsam-beauty.de\/wp-content\/uploads\/2023\/03\/ab-4-2.jpg\" alt=\"ab-4-2\" \/><\/figure><\/div>\t\t\t<\/div>\n\t\t\t\t\t\t\t\n\t\t\t\t\t\t\t\t\t<\/div>\n\t\t\t\t\t\t<\/div>\n\t\t\t\t<\/div>\n\t\t\t\t<div class=\"elementor-element elementor-element-5186d82 elementor-widget elementor-widget-text-editor\" data-id=\"5186d82\" data-element_type=\"widget\" data-e-type=\"widget\" data-widget_type=\"text-editor.default\">\n\t\t\t\t<div class=\"elementor-widget-container\">\n\t\t\t\t\t\t\t\t\t<p>Willkommen bei Ibtisam Salem Medical Beauty Center GmbH!<\/p><p>Wir sind Ihr professioneller Partner f\u00fcr medizinische Sch\u00f6nheitspflege und \u00e4sthetische Behandlungen.<\/p><p>Unser hochqualifiziertes Team aus erfahrenen Sch\u00f6nheitsberatern bietet Ihnen eine breite Palette von Dienstleistungen, die darauf abzielen, Ihre nat\u00fcrliche Sch\u00f6nheit zu betonen und Ihr Selbstbewusstsein zu st\u00e4rken.<\/p>\t\t\t\t\t\t\t\t<\/div>\n\t\t\t\t<\/div>\n\t\t\t\t\t<\/div>\n\t\t<\/div>\n\t\t\t\t\t<\/div>\n\t\t<\/section>\n\t\t\t\t\t<\/div>\n\t\t<\/div>\n\t\t\t\t\t<\/div>\n\t\t<\/section>\n\t\t\t\t<section class=\"elementor-section elementor-top-section elementor-element elementor-element-c7b84f7 elementor-section-full_width elementor-section-height-default elementor-section-height-default\" data-id=\"c7b84f7\" data-element_type=\"section\" data-e-type=\"section\">\n\t\t\t\t\t\t\t<div class=\"elementor-background-overlay\"><\/div>\n\t\t\t\t\t\t\t<div class=\"elementor-container elementor-column-gap-no\">\n\t\t\t\t\t<div class=\"elementor-column elementor-col-100 elementor-top-column elementor-element elementor-element-33f17e1\" data-id=\"33f17e1\" data-element_type=\"column\" data-e-type=\"column\">\n\t\t\t<div class=\"elementor-widget-wrap elementor-element-populated\">\n\t\t\t\t\t\t<div class=\"elementor-element elementor-element-24827da elementor-hidden-tablet elementor-hidden-mobile elementor-widget elementor-widget-wellnezanimationimage\" data-id=\"24827da\" data-element_type=\"widget\" data-e-type=\"widget\" data-widget_type=\"wellnezanimationimage.default\">\n\t\t\t\t<div class=\"elementor-widget-container\">\n\t\t\t\t\t<div class=\"shape1 jump-reverse-img shape-mockup d-none d-xl-inline-block\"><img decoding=\"async\" src=\"https:\/\/wordpress.vecurosoft.com\/wellnez\/wp-content\/uploads\/2023\/03\/leaf-1-1.png\" alt=\"leaf 1 1\"  \/><\/div>\t\t\t\t<\/div>\n\t\t\t\t<\/div>\n\t\t\t\t<section class=\"elementor-section elementor-inner-section elementor-element elementor-element-32137a4 elementor-section-boxed elementor-section-height-default elementor-section-height-default\" data-id=\"32137a4\" data-element_type=\"section\" data-e-type=\"section\">\n\t\t\t\t\t\t<div class=\"elementor-container elementor-column-gap-no\">\n\t\t\t\t\t<div class=\"elementor-column elementor-col-100 elementor-inner-column elementor-element elementor-element-5897cc9\" data-id=\"5897cc9\" data-element_type=\"column\" data-e-type=\"column\">\n\t\t\t<div class=\"elementor-widget-wrap elementor-element-populated\">\n\t\t\t\t\t\t<div class=\"elementor-element elementor-element-0bba28c elementor-widget elementor-widget-wellnezsectiontitle\" data-id=\"0bba28c\" data-element_type=\"widget\" data-e-type=\"widget\" data-widget_type=\"wellnezsectiontitle.default\">\n\t\t\t\t<div class=\"elementor-widget-container\">\n\t\t\t\t\t<!-- Section Title --><div class=\"title-area\" ><span class=\"sec-subtitle\">\n<\/span><h2 class=\"sec-title3 title-selector h1\">So finden Sie uns\n<\/h2><\/div><!-- End Section Title -->\t\t\t\t<\/div>\n\t\t\t\t<\/div>\n\t\t\t\t\t<\/div>\n\t\t<\/div>\n\t\t\t\t\t<\/div>\n\t\t<\/section>\n\t\t\t\t<section class=\"elementor-section elementor-inner-section elementor-element elementor-element-cce7913 elementor-section-content-bottom elementor-section-boxed elementor-section-height-default elementor-section-height-default\" data-id=\"cce7913\" data-element_type=\"section\" data-e-type=\"section\">\n\t\t\t\t\t\t<div class=\"elementor-container elementor-column-gap-no\">\n\t\t\t\t\t<div class=\"elementor-column elementor-col-100 elementor-inner-column elementor-element elementor-element-398147f\" data-id=\"398147f\" data-element_type=\"column\" data-e-type=\"column\">\n\t\t\t<div class=\"elementor-widget-wrap elementor-element-populated\">\n\t\t\t\t\t\t<div class=\"elementor-element elementor-element-e2795a2 elementor-hidden-tablet elementor-hidden-mobile elementor-widget elementor-widget-wellnezanimationimage\" data-id=\"e2795a2\" data-element_type=\"widget\" data-e-type=\"widget\" data-widget_type=\"wellnezanimationimage.default\">\n\t\t\t\t<div class=\"elementor-widget-container\">\n\t\t\t\t\t<div class=\"shape1 jump shape-mockup d-none d-xl-inline-block\"><img decoding=\"async\" src=\"https:\/\/wordpress.vecurosoft.com\/wellnez\/wp-content\/uploads\/2023\/03\/leaf-1-8.png\" alt=\"leaf 1 8\"  \/><\/div>\t\t\t\t<\/div>\n\t\t\t\t<\/div>\n\t\t\t\t<div class=\"elementor-element elementor-element-70cab55 elementor-widget elementor-widget-wellneztestimonialslider\" data-id=\"70cab55\" data-element_type=\"widget\" data-e-type=\"widget\" data-widget_type=\"wellneztestimonialslider.default\">\n\t\t\t\t<div class=\"elementor-widget-container\">\n\t\t\t\t\t\t\t\t\t\t\t<div class=\"testi-style2\">\r\n\t\t\t\t\t\t\t\t\t\t\t<span class=\"vs-icon\">\r\n\t\t\t\t\t\t\t<img decoding=\"async\" src=\"https:\/\/wordpress.vecurosoft.com\/wellnez\/wp-content\/uploads\/2023\/03\/quote-1-1.png\" alt=\"icon\"  \/>\t\t\t\t\t\t<\/span>\r\n\t\t\t\t\t\t\t\t\t\t<div class=\"testimonial-carousel2\" data-slide-to-show=\"1\">\r\n\t\t\t\t\t\t\t\t\t\t\t\t\t<div>\r\n\t\t\t\t\t\t\t\t\t\t\t\t\t\t\t\t\t<p class=\"testi-text\">\r\n\t\t\t\t\t\t\t\t\t\tUnser Medical Beauty Center befindet sich im Herzen von Wuppertal und ist leicht mit \u00f6ffentlichen Verkehrsmitteln oder dem Auto zu erreichen. Parkm\u00f6glichkeiten stehen Ihnen direkt vor unserem Center zur Verf\u00fcgung.\t\t\t\t\t\t\t\t\t<\/p>\r\n\t\t\t\t\t\t\t\t\t\t\t\t\t\t\t\t\t\t\t\t\t\t\t\t\t\t\t\t\t\t\t\t\t\t\t\t\t\t\t<\/div>\r\n\t\t\t\t\t\t\t\t\t\t\t<\/div>\r\n\t\t\t\t<\/div>\r\n\t\t\t\t\t\t\t\t\t<\/div>\n\t\t\t\t<\/div>\n\t\t\t\t\t<\/div>\n\t\t<\/div>\n\t\t\t\t\t<\/div>\n\t\t<\/section>\n\t\t\t\t\t<\/div>\n\t\t<\/div>\n\t\t\t\t\t<\/div>\n\t\t<\/section>\n\t\t\t\t<section class=\"elementor-section elementor-top-section elementor-element elementor-element-97a34a2 elementor-section-full_width elementor-section-height-default elementor-section-height-default\" data-id=\"97a34a2\" data-element_type=\"section\" data-e-type=\"section\">\n\t\t\t\t\t\t<div class=\"elementor-container elementor-column-gap-no\">\n\t\t\t\t\t<div class=\"elementor-column elementor-col-100 elementor-top-column elementor-element elementor-element-c034375\" data-id=\"c034375\" data-element_type=\"column\" data-e-type=\"column\">\n\t\t\t<div class=\"elementor-widget-wrap elementor-element-populated\">\n\t\t\t\t\t\t<section class=\"elementor-section elementor-inner-section elementor-element elementor-element-1861969 elementor-section-boxed elementor-section-height-default elementor-section-height-default\" data-id=\"1861969\" data-element_type=\"section\" data-e-type=\"section\">\n\t\t\t\t\t\t<div class=\"elementor-container elementor-column-gap-no\">\n\t\t\t\t\t<div class=\"elementor-column elementor-col-100 elementor-inner-column elementor-element elementor-element-1180a99\" data-id=\"1180a99\" data-element_type=\"column\" data-e-type=\"column\">\n\t\t\t<div class=\"elementor-widget-wrap elementor-element-populated\">\n\t\t\t\t\t\t<div class=\"elementor-element elementor-element-48a4f48 elementor-widget elementor-widget-wellnezsectiontitle\" data-id=\"48a4f48\" data-element_type=\"widget\" data-e-type=\"widget\" data-widget_type=\"wellnezsectiontitle.default\">\n\t\t\t\t<div class=\"elementor-widget-container\">\n\t\t\t\t\t<!-- Section Title --><div class=\"title-area\" ><h2 class=\"sec-title3 title-selector h1\">Expert Beautician\n<\/h2><div class=\"section-title-image\"><img decoding=\"async\" src=\"https:\/\/wordpress.vecurosoft.com\/wellnez\/wp-content\/uploads\/2023\/03\/sec-shape-1.png\" alt=\"sec shape 1\"  \/><\/div><\/div><!-- End Section Title -->\t\t\t\t<\/div>\n\t\t\t\t<\/div>\n\t\t\t\t\t<\/div>\n\t\t<\/div>\n\t\t\t\t\t<\/div>\n\t\t<\/section>\n\t\t\t\t<section class=\"elementor-section elementor-inner-section elementor-element elementor-element-7b89604 elementor-section-boxed elementor-section-height-default elementor-section-height-default\" data-id=\"7b89604\" data-element_type=\"section\" data-e-type=\"section\">\n\t\t\t\t\t\t<div class=\"elementor-container elementor-column-gap-no\">\n\t\t\t\t\t<div class=\"elementor-column elementor-col-100 elementor-inner-column elementor-element elementor-element-6f8eb4b\" data-id=\"6f8eb4b\" data-element_type=\"column\" data-e-type=\"column\">\n\t\t\t<div class=\"elementor-widget-wrap\">\n\t\t\t\t\t\t\t<\/div>\n\t\t<\/div>\n\t\t\t\t\t<\/div>\n\t\t<\/section>\n\t\t\t\t\t<\/div>\n\t\t<\/div>\n\t\t\t\t\t<\/div>\n\t\t<\/section>\n\t\t\t\t<\/div>\n\t\t","protected":false},"excerpt":{"rendered":"<p>to check our wellnez top rated services Willkommen bei Ibtisam Salem Medical Beauty Center GmbH! Wir sind Ihr professioneller Partner f\u00fcr medizinische Sch\u00f6nheitspflege und \u00e4sthetische Behandlungen. Unser hochqualifiziertes Team aus erfahrenen Sch\u00f6nheitsberatern bietet Ihnen eine breite Palette von Dienstleistungen, die darauf abzielen, Ihre nat\u00fcrliche Sch\u00f6nheit zu betonen und Ihr Selbstbewusstsein zu st\u00e4rken. So finden Sie&#8230;<\/p>\n","protected":false},"author":1,"featured_media":0,"parent":0,"menu_order":0,"comment_status":"closed","ping_status":"closed","template":"template-builder.php","meta":{"footnotes":""},"class_list":["post-93","page","type-page","status-publish","hentry"],"_links":{"self":[{"href":"https:\/\/samsam-beauty.de\/index.php?rest_route=\/wp\/v2\/pages\/93","targetHints":{"allow":["GET"]}}],"collection":[{"href":"https:\/\/samsam-beauty.de\/index.php?rest_route=\/wp\/v2\/pages"}],"about":[{"href":"https:\/\/samsam-beauty.de\/index.php?rest_route=\/wp\/v2\/types\/page"}],"author":[{"embeddable":true,"href":"https:\/\/samsam-beauty.de\/index.php?rest_route=\/wp\/v2\/users\/1"}],"replies":[{"embeddable":true,"href":"https:\/\/samsam-beauty.de\/index.php?rest_route=%2Fwp%2Fv2%2Fcomments&post=93"}],"version-history":[{"count":11,"href":"https:\/\/samsam-beauty.de\/index.php?rest_route=\/wp\/v2\/pages\/93\/revisions"}],"predecessor-version":[{"id":5932,"href":"https:\/\/samsam-beauty.de\/index.php?rest_route=\/wp\/v2\/pages\/93\/revisions\/5932"}],"wp:attachment":[{"href":"https:\/\/samsam-beauty.de\/index.php?rest_route=%2Fwp%2Fv2%2Fmedia&parent=93"}],"curies":[{"name":"wp","href":"https:\/\/api.w.org\/{rel}","templated":true}]}}