{"id":97,"date":"2023-03-16T11:15:08","date_gmt":"2023-03-16T10:15:08","guid":{"rendered":"https:\/\/wordpress.vecurosoft.com\/wellnez\/?page_id=97"},"modified":"2024-07-12T08:40:57","modified_gmt":"2024-07-12T08:40:57","slug":"contact","status":"publish","type":"page","link":"https:\/\/samsam-beauty.de\/?page_id=97","title":{"rendered":"Kontakt"},"content":{"rendered":"\t\t<div data-elementor-type=\"wp-page\" data-elementor-id=\"97\" class=\"elementor elementor-97\" data-elementor-post-type=\"page\">\n\t\t\t\t\t\t<section class=\"elementor-section elementor-top-section elementor-element elementor-element-ab0c826 elementor-section-full_width elementor-section-height-default elementor-section-height-default\" data-id=\"ab0c826\" data-element_type=\"section\" data-e-type=\"section\">\n\t\t\t\t\t\t<div class=\"elementor-container elementor-column-gap-no\">\n\t\t\t\t\t<div class=\"elementor-column elementor-col-100 elementor-top-column elementor-element elementor-element-c458734\" data-id=\"c458734\" data-element_type=\"column\" data-e-type=\"column\">\n\t\t\t<div class=\"elementor-widget-wrap elementor-element-populated\">\n\t\t\t\t\t\t<section class=\"elementor-section elementor-inner-section elementor-element elementor-element-5a34c25 elementor-section-boxed elementor-section-height-default elementor-section-height-default\" data-id=\"5a34c25\" data-element_type=\"section\" data-e-type=\"section\">\n\t\t\t\t\t\t<div class=\"elementor-container elementor-column-gap-no\">\n\t\t\t\t\t<div class=\"elementor-column elementor-col-50 elementor-inner-column elementor-element elementor-element-e4d236f\" data-id=\"e4d236f\" data-element_type=\"column\" data-e-type=\"column\">\n\t\t\t<div class=\"elementor-widget-wrap elementor-element-populated\">\n\t\t\t\t\t\t<div class=\"elementor-element elementor-element-bd619ba elementor-widget elementor-widget-wellnezsectiontitle\" data-id=\"bd619ba\" data-element_type=\"widget\" data-e-type=\"widget\" data-widget_type=\"wellnezsectiontitle.default\">\n\t\t\t\t<div class=\"elementor-widget-container\">\n\t\t\t\t\t<!-- Section Title --><div class=\"title-area\" ><span class=\"sec-subtitle\">Kontaktieren Sie uns\n<\/span><h1 class=\"sec-title3 title-selector h1\">GET IN  <span class=\"text-theme\">TOUCH<\/span><\/h1><p class=\"desc\">F\u00fcr Terminvereinbarungen oder weitere Informationen k\u00f6nnen Sie uns telefonisch oder per E-Mail kontaktieren. Alternativ k\u00f6nnen Sie unser Kontaktformular auf der Webseite nutzen, um einen Termin zu vereinbaren oder eine Anfrage zu stellen.<\/p><\/div><!-- End Section Title -->\t\t\t\t<\/div>\n\t\t\t\t<\/div>\n\t\t\t\t<div class=\"elementor-element elementor-element-c196d7d elementor-widget elementor-widget-shortcode\" data-id=\"c196d7d\" data-element_type=\"widget\" data-e-type=\"widget\" data-widget_type=\"shortcode.default\">\n\t\t\t\t<div class=\"elementor-widget-container\">\n\t\t\t\t\t\t\t<div class=\"elementor-shortcode\">\n<div class=\"wpcf7 no-js\" id=\"wpcf7-f6-o1\" lang=\"en-US\" dir=\"ltr\" data-wpcf7-id=\"6\">\n<div class=\"screen-reader-response\"><p role=\"status\" aria-live=\"polite\" aria-atomic=\"true\"><\/p> <ul><\/ul><\/div>\n<form action=\"\/index.php?rest_route=%2Fwp%2Fv2%2Fpages%2F97#wpcf7-f6-o1\" method=\"post\" class=\"wpcf7-form init\" aria-label=\"Contact form\" novalidate=\"novalidate\" data-status=\"init\">\n<fieldset class=\"hidden-fields-container\"><input type=\"hidden\" name=\"_wpcf7\" value=\"6\" \/><input type=\"hidden\" name=\"_wpcf7_version\" value=\"6.1.5\" \/><input type=\"hidden\" name=\"_wpcf7_locale\" value=\"en_US\" \/><input type=\"hidden\" name=\"_wpcf7_unit_tag\" value=\"wpcf7-f6-o1\" \/><input type=\"hidden\" name=\"_wpcf7_container_post\" value=\"0\" \/><input type=\"hidden\" name=\"_wpcf7_posted_data_hash\" value=\"\" \/>\n<\/fieldset>\n<div class=\"ajax-contact form-style6\">\n<div class=\"form-group\"><span class=\"wpcf7-form-control-wrap\" data-name=\"text-827\"><input size=\"40\" maxlength=\"400\" class=\"wpcf7-form-control wpcf7-text wpcf7-validates-as-required\" id=\"name\" aria-required=\"true\" aria-invalid=\"false\" placeholder=\"Your Name*\" value=\"\" type=\"text\" name=\"text-827\" \/><\/span><\/div>\n<div class=\"form-group\"><span class=\"wpcf7-form-control-wrap\" data-name=\"email-912\"><input size=\"40\" maxlength=\"400\" class=\"wpcf7-form-control wpcf7-email wpcf7-validates-as-required wpcf7-text wpcf7-validates-as-email\" id=\"email\" aria-required=\"true\" aria-invalid=\"false\" placeholder=\"Your Email*\" value=\"\" type=\"email\" name=\"email-912\" \/><\/span><\/div>\n<div class=\"form-group\"><span class=\"wpcf7-form-control-wrap\" data-name=\"menu-260\"><select class=\"wpcf7-form-control wpcf7-select wpcf7-validates-as-required\" id=\"subject\" aria-required=\"true\" aria-invalid=\"false\" name=\"menu-260\"><option value=\"Subject\">Subject<\/option><option value=\"Skin Care\">Skin Care<\/option><option value=\"Beauty Makeup\">Beauty Makeup<\/option><option value=\"Body Massage\">Body Massage<\/option><option value=\"Skin Checkup\">Skin Checkup<\/option><option value=\"Others\">Others<\/option><\/select><\/span><\/div>\n<div class=\"form-group\"><span class=\"wpcf7-form-control-wrap\" data-name=\"textarea-377\"><textarea cols=\"40\" rows=\"10\" maxlength=\"2000\" class=\"wpcf7-form-control wpcf7-textarea wpcf7-validates-as-required\" id=\"message\" aria-required=\"true\" aria-invalid=\"false\" placeholder=\"Your Message\" name=\"textarea-377\"><\/textarea><\/span><\/div>\n<div class=\"form-group\"><button type=\"submit\" class=\"wpcf7-submit vs-btn\">Send Message<\/button><\/div><\/div><div class=\"wpcf7-response-output\" aria-hidden=\"true\"><\/div>\n<\/form>\n<\/div>\n<\/div>\n\t\t\t\t\t\t<\/div>\n\t\t\t\t<\/div>\n\t\t\t\t\t<\/div>\n\t\t<\/div>\n\t\t\t\t<div class=\"elementor-column elementor-col-50 elementor-inner-column elementor-element elementor-element-ce22312\" data-id=\"ce22312\" data-element_type=\"column\" data-e-type=\"column\">\n\t\t\t<div class=\"elementor-widget-wrap elementor-element-populated\">\n\t\t\t\t\t\t<div class=\"elementor-element elementor-element-9e68939 elementor-widget elementor-widget-image\" data-id=\"9e68939\" data-element_type=\"widget\" data-e-type=\"widget\" data-widget_type=\"image.default\">\n\t\t\t\t<div class=\"elementor-widget-container\">\n\t\t\t\t\t\t\t\t\t\t\t\t\t\t\t<img fetchpriority=\"high\" decoding=\"async\" width=\"646\" height=\"646\" src=\"https:\/\/samsam-beauty.de\/wp-content\/uploads\/2024\/07\/Screenshot_1.png\" class=\"attachment-medium_large size-medium_large wp-image-5924\" alt=\"\" srcset=\"https:\/\/samsam-beauty.de\/wp-content\/uploads\/2024\/07\/Screenshot_1.png 646w, https:\/\/samsam-beauty.de\/wp-content\/uploads\/2024\/07\/Screenshot_1-300x300.png 300w, https:\/\/samsam-beauty.de\/wp-content\/uploads\/2024\/07\/Screenshot_1-150x150.png 150w, https:\/\/samsam-beauty.de\/wp-content\/uploads\/2024\/07\/Screenshot_1-100x100.png 100w, https:\/\/samsam-beauty.de\/wp-content\/uploads\/2024\/07\/Screenshot_1-70x70.png 70w, https:\/\/samsam-beauty.de\/wp-content\/uploads\/2024\/07\/Screenshot_1-600x600.png 600w, https:\/\/samsam-beauty.de\/wp-content\/uploads\/2024\/07\/Screenshot_1-460x460.png 460w\" sizes=\"(max-width: 646px) 100vw, 646px\" \/>\t\t\t\t\t\t\t\t\t\t\t\t\t\t\t<\/div>\n\t\t\t\t<\/div>\n\t\t\t\t<div class=\"elementor-element elementor-element-2a36671 elementor-widget elementor-widget-wellnezinfotitle\" data-id=\"2a36671\" data-element_type=\"widget\" data-e-type=\"widget\" data-widget_type=\"wellnezinfotitle.default\">\n\t\t\t\t<div class=\"elementor-widget-container\">\n\t\t\t\t\t        <div class=\"contact-table\">\n                            <div class=\"tr\">\n                    <div class=\"tb-col\">\n                                                    <p><strong><span class=\"th\">Turmhof 9, 42105 Wuppertal<\/span><\/strong><\/p>                        \n                                            <\/div>\n                <\/div>\n                        \n                    <\/div>\n        \t\t\t\t<\/div>\n\t\t\t\t<\/div>\n\t\t\t\t<div class=\"elementor-element elementor-element-10b70f8 elementor-widget elementor-widget-wellnezinfotitle\" data-id=\"10b70f8\" data-element_type=\"widget\" data-e-type=\"widget\" data-widget_type=\"wellnezinfotitle.default\">\n\t\t\t\t<div class=\"elementor-widget-container\">\n\t\t\t\t\t        <div class=\"contact-table\">\n                            <div class=\"tr\">\n                    <div class=\"tb-col\">\n                                                    <p><span class=\"td\"><a class=\"text-inherit\" href=\"mailto:info@samsam-beauty.de\">info@samsam-beauty.de<\/a><\/span><\/p>                        \n                                                    <p>Dienstag bis Samstag: 10:00 - 17:00 Uhr<\/p>                                            <\/div>\n                <\/div>\n                        \n                    <\/div>\n        \t\t\t\t<\/div>\n\t\t\t\t<\/div>\n\t\t\t\t<div class=\"elementor-element elementor-element-d079bdd elementor-widget elementor-widget-text-editor\" data-id=\"d079bdd\" data-element_type=\"widget\" data-e-type=\"widget\" data-widget_type=\"text-editor.default\">\n\t\t\t\t<div class=\"elementor-widget-container\">\n\t\t\t\t\t\t\t\t\t<p><span class=\"h1\">0049 172 7317095<\/span><\/p>\t\t\t\t\t\t\t\t<\/div>\n\t\t\t\t<\/div>\n\t\t\t\t\t<\/div>\n\t\t<\/div>\n\t\t\t\t\t<\/div>\n\t\t<\/section>\n\t\t\t\t\t<\/div>\n\t\t<\/div>\n\t\t\t\t\t<\/div>\n\t\t<\/section>\n\t\t\t\t<\/div>\n\t\t","protected":false},"excerpt":{"rendered":"<p>Kontaktieren Sie uns GET IN TOUCH F\u00fcr Terminvereinbarungen oder weitere Informationen k\u00f6nnen Sie uns telefonisch oder per E-Mail kontaktieren. Alternativ k\u00f6nnen Sie unser Kontaktformular auf der Webseite nutzen, um einen Termin zu vereinbaren oder eine Anfrage zu stellen. Turmhof 9, 42105 Wuppertal info@samsam-beauty.de Dienstag bis Samstag: 10:00 &#8211; 17:00 Uhr 0049 172 7317095<\/p>\n","protected":false},"author":1,"featured_media":0,"parent":0,"menu_order":0,"comment_status":"closed","ping_status":"closed","template":"template-builder.php","meta":{"footnotes":""},"class_list":["post-97","page","type-page","status-publish","hentry"],"_links":{"self":[{"href":"https:\/\/samsam-beauty.de\/index.php?rest_route=\/wp\/v2\/pages\/97","targetHints":{"allow":["GET"]}}],"collection":[{"href":"https:\/\/samsam-beauty.de\/index.php?rest_route=\/wp\/v2\/pages"}],"about":[{"href":"https:\/\/samsam-beauty.de\/index.php?rest_route=\/wp\/v2\/types\/page"}],"author":[{"embeddable":true,"href":"https:\/\/samsam-beauty.de\/index.php?rest_route=\/wp\/v2\/users\/1"}],"replies":[{"embeddable":true,"href":"https:\/\/samsam-beauty.de\/index.php?rest_route=%2Fwp%2Fv2%2Fcomments&post=97"}],"version-history":[{"count":7,"href":"https:\/\/samsam-beauty.de\/index.php?rest_route=\/wp\/v2\/pages\/97\/revisions"}],"predecessor-version":[{"id":5927,"href":"https:\/\/samsam-beauty.de\/index.php?rest_route=\/wp\/v2\/pages\/97\/revisions\/5927"}],"wp:attachment":[{"href":"https:\/\/samsam-beauty.de\/index.php?rest_route=%2Fwp%2Fv2%2Fmedia&parent=97"}],"curies":[{"name":"wp","href":"https:\/\/api.w.org\/{rel}","templated":true}]}}