{"id":5883,"date":"2024-07-12T07:27:21","date_gmt":"2024-07-12T07:27:21","guid":{"rendered":"https:\/\/samsam-beauty.de\/?post_type=product&#038;p=5883"},"modified":"2025-04-02T16:19:07","modified_gmt":"2025-04-02T16:19:07","slug":"samsam-beauty-haarspuelung-mit-biotin-und-arganoel","status":"publish","type":"product","link":"https:\/\/samsam-beauty.de\/?product=samsam-beauty-haarspuelung-mit-biotin-und-arganoel","title":{"rendered":"SamSam Beauty Haarsp\u00fclung mit Biotin und Argan\u00f6l"},"content":{"rendered":"<p>F\u00fcr ein umfassendes Haarpflegerlebnis verwenden Sie die SamSam Beauty Haarsp\u00fclung, die sorgf\u00e4ltig mit Biotin und Argan\u00f6l formuliert wurde. Sie verleiht Ihrem Haar au\u00dfergew\u00f6hnliche Weichheit und erleichtert das Styling, w\u00e4hrend sie Haarausfall verhindert und die Gesundheit des Haares f\u00f6rdert.<\/p>\n<p><strong>&#8211; Vorteile der Sp\u00fclung:<\/strong><br \/>\n&#8211; Pflegt das Haar tiefenwirksam und st\u00e4rkt es.<br \/>\n&#8211; Verhindert Spliss und macht das Haar elastischer.<br \/>\n&#8211; Verleiht dem Haar ein gesundes und gl\u00e4nzendes Aussehen.<br \/>\n&#8211; Frei von Sulfaten und Parabenen.<\/p>\n","protected":false},"excerpt":{"rendered":"<p>F\u00fcr ein umfassendes Haarpflegerlebnis verwenden Sie die SamSam Beauty Haarsp\u00fclung, die sorgf\u00e4ltig mit Biotin und Argan\u00f6l formuliert wurde. Sie verleiht Ihrem Haar au\u00dfergew\u00f6hnliche Weichheit und erleichtert das Styling, w\u00e4hrend sie Haarausfall verhindert und die Gesundheit des Haares f\u00f6rdert. &#8211; Vorteile der Sp\u00fclung: &#8211; Pflegt das Haar tiefenwirksam und st\u00e4rkt es. &#8211; Verhindert Spliss und macht&#8230;<\/p>\n","protected":false},"featured_media":5884,"comment_status":"open","ping_status":"closed","template":"","meta":[],"product_brand":[],"product_cat":[27],"product_tag":[],"class_list":{"0":"post-5883","1":"product","2":"type-product","3":"status-publish","4":"has-post-thumbnail","6":"product_cat-beauty","8":"first","9":"instock","10":"taxable","11":"shipping-taxable","12":"purchasable","13":"product-type-simple"},"_links":{"self":[{"href":"https:\/\/samsam-beauty.de\/index.php?rest_route=\/wp\/v2\/product\/5883","targetHints":{"allow":["GET"]}}],"collection":[{"href":"https:\/\/samsam-beauty.de\/index.php?rest_route=\/wp\/v2\/product"}],"about":[{"href":"https:\/\/samsam-beauty.de\/index.php?rest_route=\/wp\/v2\/types\/product"}],"replies":[{"embeddable":true,"href":"https:\/\/samsam-beauty.de\/index.php?rest_route=%2Fwp%2Fv2%2Fcomments&post=5883"}],"wp:featuredmedia":[{"embeddable":true,"href":"https:\/\/samsam-beauty.de\/index.php?rest_route=\/wp\/v2\/media\/5884"}],"wp:attachment":[{"href":"https:\/\/samsam-beauty.de\/index.php?rest_route=%2Fwp%2Fv2%2Fmedia&parent=5883"}],"wp:term":[{"taxonomy":"product_brand","embeddable":true,"href":"https:\/\/samsam-beauty.de\/index.php?rest_route=%2Fwp%2Fv2%2Fproduct_brand&post=5883"},{"taxonomy":"product_cat","embeddable":true,"href":"https:\/\/samsam-beauty.de\/index.php?rest_route=%2Fwp%2Fv2%2Fproduct_cat&post=5883"},{"taxonomy":"product_tag","embeddable":true,"href":"https:\/\/samsam-beauty.de\/index.php?rest_route=%2Fwp%2Fv2%2Fproduct_tag&post=5883"}],"curies":[{"name":"wp","href":"https:\/\/api.w.org\/{rel}","templated":true}]}}