{"id":5885,"date":"2024-07-12T07:28:55","date_gmt":"2024-07-12T07:28:55","guid":{"rendered":"https:\/\/samsam-beauty.de\/?post_type=product&#038;p=5885"},"modified":"2025-04-02T16:19:07","modified_gmt":"2025-04-02T16:19:07","slug":"samsam-beauty-shampoo-mit-biotin-und-arganoel","status":"publish","type":"product","link":"https:\/\/samsam-beauty.de\/?product=samsam-beauty-shampoo-mit-biotin-und-arganoel","title":{"rendered":"SamSam Beauty Shampoo mit Biotin und Argan\u00f6l"},"content":{"rendered":"<p>F\u00fcr beste Ergebnisse verwenden Sie das SamSam Beauty Shampoo t\u00e4glich in Ihrer Haarpflegeroutine. Dieses einzigartige Shampoo reinigt das Haar und die Kopfhaut sanft, w\u00e4hrend es die n\u00f6tige Pflege und Feuchtigkeit bietet, um die Gesundheit des Haares zu erhalten und Haarausfall zu verhindern.<\/p>\n<p><strong>&#8211; Eigenschaften des Shampoos:<\/strong><br \/>\n&#8211; Reinigt das Haar effektiv und entfernt Verunreinigungen.<br \/>\n&#8211; F\u00f6rdert gesundes Haarwachstum und verhindert Haarausfall.<br \/>\n&#8211; Enth\u00e4lt nat\u00fcrliche, sichere und sanfte Inhaltsstoffe f\u00fcr die Kopfhaut.<\/p>\n","protected":false},"excerpt":{"rendered":"<p>F\u00fcr beste Ergebnisse verwenden Sie das SamSam Beauty Shampoo t\u00e4glich in Ihrer Haarpflegeroutine. Dieses einzigartige Shampoo reinigt das Haar und die Kopfhaut sanft, w\u00e4hrend es die n\u00f6tige Pflege und Feuchtigkeit bietet, um die Gesundheit des Haares zu erhalten und Haarausfall zu verhindern. &#8211; Eigenschaften des Shampoos: &#8211; Reinigt das Haar effektiv und entfernt Verunreinigungen. &#8211;&#8230;<\/p>\n","protected":false},"featured_media":5886,"comment_status":"open","ping_status":"closed","template":"","meta":[],"product_brand":[],"product_cat":[27],"product_tag":[],"class_list":{"0":"post-5885","1":"product","2":"type-product","3":"status-publish","4":"has-post-thumbnail","6":"product_cat-beauty","8":"first","9":"instock","10":"taxable","11":"shipping-taxable","12":"purchasable","13":"product-type-simple"},"_links":{"self":[{"href":"https:\/\/samsam-beauty.de\/index.php?rest_route=\/wp\/v2\/product\/5885","targetHints":{"allow":["GET"]}}],"collection":[{"href":"https:\/\/samsam-beauty.de\/index.php?rest_route=\/wp\/v2\/product"}],"about":[{"href":"https:\/\/samsam-beauty.de\/index.php?rest_route=\/wp\/v2\/types\/product"}],"replies":[{"embeddable":true,"href":"https:\/\/samsam-beauty.de\/index.php?rest_route=%2Fwp%2Fv2%2Fcomments&post=5885"}],"wp:featuredmedia":[{"embeddable":true,"href":"https:\/\/samsam-beauty.de\/index.php?rest_route=\/wp\/v2\/media\/5886"}],"wp:attachment":[{"href":"https:\/\/samsam-beauty.de\/index.php?rest_route=%2Fwp%2Fv2%2Fmedia&parent=5885"}],"wp:term":[{"taxonomy":"product_brand","embeddable":true,"href":"https:\/\/samsam-beauty.de\/index.php?rest_route=%2Fwp%2Fv2%2Fproduct_brand&post=5885"},{"taxonomy":"product_cat","embeddable":true,"href":"https:\/\/samsam-beauty.de\/index.php?rest_route=%2Fwp%2Fv2%2Fproduct_cat&post=5885"},{"taxonomy":"product_tag","embeddable":true,"href":"https:\/\/samsam-beauty.de\/index.php?rest_route=%2Fwp%2Fv2%2Fproduct_tag&post=5885"}],"curies":[{"name":"wp","href":"https:\/\/api.w.org\/{rel}","templated":true}]}}