{"id":5887,"date":"2024-07-12T07:30:45","date_gmt":"2024-07-12T07:30:45","guid":{"rendered":"https:\/\/samsam-beauty.de\/?post_type=product&#038;p=5887"},"modified":"2025-04-02T16:19:15","modified_gmt":"2025-04-02T16:19:15","slug":"%d8%a7%d8%b7%d9%84%d8%a8-%d8%a7%d9%84%d8%a2%d9%86-%d8%a7%d9%84%d9%85%d8%ac%d9%85%d9%88%d8%b9%d8%a9-%d8%a7%d9%84%d9%83%d8%a7%d9%85%d9%84%d8%a9","status":"publish","type":"product","link":"https:\/\/samsam-beauty.de\/?product=%d8%a7%d8%b7%d9%84%d8%a8-%d8%a7%d9%84%d8%a2%d9%86-%d8%a7%d9%84%d9%85%d8%ac%d9%85%d9%88%d8%b9%d8%a9-%d8%a7%d9%84%d9%83%d8%a7%d9%85%d9%84%d8%a9","title":{"rendered":"\u0627\u0637\u0644\u0628 \u0627\u0644\u0645\u062c\u0645\u0648\u0639\u0629 \u0627\u0644\u0643\u0627\u0645\u0644\u0629 \u0627\u0644\u0622\u0646"},"content":{"rendered":"<p>Bestellen Sie jetzt das komplette SamSam Beauty Set gegen Haarausfall, bevor die limitierte Menge ausverkauft ist. Erhalten Sie kr\u00e4ftiges, gesundes und gl\u00e4nzendes Haar mit unseren Produkten, die aus den besten nat\u00fcrlichen Inhaltsstoffen hergestellt werden.<\/p>\n<p>Gl\u00e4nzen Sie mit gesundem und starkem Haar dank SamSam Beauty, der perfekten L\u00f6sung gegen Haarausfall!<\/p>\n","protected":false},"excerpt":{"rendered":"<p>Bestellen Sie jetzt das komplette SamSam Beauty Set gegen Haarausfall, bevor die limitierte Menge ausverkauft ist. Erhalten Sie kr\u00e4ftiges, gesundes und gl\u00e4nzendes Haar mit unseren Produkten, die aus den besten nat\u00fcrlichen Inhaltsstoffen hergestellt werden. Gl\u00e4nzen Sie mit gesundem und starkem Haar dank SamSam Beauty, der perfekten L\u00f6sung gegen Haarausfall!<\/p>\n","protected":false},"featured_media":5890,"comment_status":"open","ping_status":"closed","template":"","meta":[],"product_brand":[],"product_cat":[27],"product_tag":[],"class_list":{"0":"post-5887","1":"product","2":"type-product","3":"status-publish","4":"has-post-thumbnail","6":"product_cat-beauty","8":"first","9":"instock","10":"taxable","11":"shipping-taxable","12":"purchasable","13":"product-type-simple"},"_links":{"self":[{"href":"https:\/\/samsam-beauty.de\/index.php?rest_route=\/wp\/v2\/product\/5887","targetHints":{"allow":["GET"]}}],"collection":[{"href":"https:\/\/samsam-beauty.de\/index.php?rest_route=\/wp\/v2\/product"}],"about":[{"href":"https:\/\/samsam-beauty.de\/index.php?rest_route=\/wp\/v2\/types\/product"}],"replies":[{"embeddable":true,"href":"https:\/\/samsam-beauty.de\/index.php?rest_route=%2Fwp%2Fv2%2Fcomments&post=5887"}],"wp:featuredmedia":[{"embeddable":true,"href":"https:\/\/samsam-beauty.de\/index.php?rest_route=\/wp\/v2\/media\/5890"}],"wp:attachment":[{"href":"https:\/\/samsam-beauty.de\/index.php?rest_route=%2Fwp%2Fv2%2Fmedia&parent=5887"}],"wp:term":[{"taxonomy":"product_brand","embeddable":true,"href":"https:\/\/samsam-beauty.de\/index.php?rest_route=%2Fwp%2Fv2%2Fproduct_brand&post=5887"},{"taxonomy":"product_cat","embeddable":true,"href":"https:\/\/samsam-beauty.de\/index.php?rest_route=%2Fwp%2Fv2%2Fproduct_cat&post=5887"},{"taxonomy":"product_tag","embeddable":true,"href":"https:\/\/samsam-beauty.de\/index.php?rest_route=%2Fwp%2Fv2%2Fproduct_tag&post=5887"}],"curies":[{"name":"wp","href":"https:\/\/api.w.org\/{rel}","templated":true}]}}