{"id":6363,"date":"2025-11-12T10:09:46","date_gmt":"2025-11-12T10:09:46","guid":{"rendered":"https:\/\/samsam-beauty.de\/?post_type=product&#038;p=6363"},"modified":"2025-11-12T10:09:47","modified_gmt":"2025-11-12T10:09:47","slug":"dr-pen-a9-w","status":"publish","type":"product","link":"https:\/\/samsam-beauty.de\/?product=dr-pen-a9-w","title":{"rendered":"Dr. Pen A9-W"},"content":{"rendered":"<p data-start=\"343\" data-end=\"572\">Dr. Pen A9-W ist ein professionelles Microneedling-Ger\u00e4t f\u00fcr den kosmetischen Einsatz. Es erzeugt mikrofeine Kan\u00e4le in der Haut, um die Aufnahme von Wirkstoffen wie Seren zu verbessern und die Hautstruktur sichtbar zu verfeinern.<\/p>\n<p data-start=\"574\" data-end=\"827\">\u2705 Minimale Invasivit\u00e4t f\u00fcr sicheres Arbeiten<br data-start=\"618\" data-end=\"621\" \/>\u2705 Ideal f\u00fcr Microneedling und Anti-Aging Behandlungen<br data-start=\"674\" data-end=\"677\" \/>\u2705 F\u00fcr Heimanwendung und professionelle Kosmetikstudios<br data-start=\"731\" data-end=\"734\" \/>\u2705 EU-Adapter + Sicherheitszertifikat<br data-start=\"770\" data-end=\"773\" \/>\u2705 Hochwertiges Material \u2013 umweltfreundliche Verpackung<\/p>\n<p data-start=\"829\" data-end=\"851\">\n","protected":false},"excerpt":{"rendered":"<p>Microneedling-Ger\u00e4t f\u00fcr Zuhause und Profis mit EU-Adapter und hochwertiger Verarbeitung. Jetzt verf\u00fcgbar bei SamSam Beauty.<\/p>\n","protected":false},"featured_media":6364,"comment_status":"open","ping_status":"closed","template":"","meta":[],"product_brand":[],"product_cat":[27,29],"product_tag":[137,135,126,136,134],"class_list":{"0":"post-6363","1":"product","2":"type-product","3":"status-publish","4":"has-post-thumbnail","6":"product_cat-beauty","7":"product_cat-cosmetics","8":"product_tag-anti-agingt","9":"product_tag-dr-pen","10":"product_tag-hautpflege","11":"product_tag-kosmetikgeraet","12":"product_tag-microneedling-dr-pen-hautpflege-anti-aging-kosmetikgeraet","14":"first","15":"instock","16":"taxable","17":"shipping-taxable","18":"purchasable","19":"product-type-simple"},"_links":{"self":[{"href":"https:\/\/samsam-beauty.de\/index.php?rest_route=\/wp\/v2\/product\/6363","targetHints":{"allow":["GET"]}}],"collection":[{"href":"https:\/\/samsam-beauty.de\/index.php?rest_route=\/wp\/v2\/product"}],"about":[{"href":"https:\/\/samsam-beauty.de\/index.php?rest_route=\/wp\/v2\/types\/product"}],"replies":[{"embeddable":true,"href":"https:\/\/samsam-beauty.de\/index.php?rest_route=%2Fwp%2Fv2%2Fcomments&post=6363"}],"wp:featuredmedia":[{"embeddable":true,"href":"https:\/\/samsam-beauty.de\/index.php?rest_route=\/wp\/v2\/media\/6364"}],"wp:attachment":[{"href":"https:\/\/samsam-beauty.de\/index.php?rest_route=%2Fwp%2Fv2%2Fmedia&parent=6363"}],"wp:term":[{"taxonomy":"product_brand","embeddable":true,"href":"https:\/\/samsam-beauty.de\/index.php?rest_route=%2Fwp%2Fv2%2Fproduct_brand&post=6363"},{"taxonomy":"product_cat","embeddable":true,"href":"https:\/\/samsam-beauty.de\/index.php?rest_route=%2Fwp%2Fv2%2Fproduct_cat&post=6363"},{"taxonomy":"product_tag","embeddable":true,"href":"https:\/\/samsam-beauty.de\/index.php?rest_route=%2Fwp%2Fv2%2Fproduct_tag&post=6363"}],"curies":[{"name":"wp","href":"https:\/\/api.w.org\/{rel}","templated":true}]}}